{"id":398,"date":"2019-01-28T22:15:23","date_gmt":"2019-01-28T19:15:23","guid":{"rendered":"http:\/\/meypal.com.tr\/?page_id=398"},"modified":"2019-05-15T14:40:15","modified_gmt":"2019-05-15T11:40:15","slug":"limon","status":"publish","type":"page","link":"http:\/\/meypal.com.tr\/tr\/limon\/","title":{"rendered":"Limon"},"content":{"rendered":"<div data-label=\"About\" data-id=\"about--1\" data-export-id=\"about-9\" data-category=\"about\" class=\"about-9 content-section content-section-spacing\" id=\"about-1\"  style=\"background-color: rgb(255, 255, 255);\"><div class=\"gridContainer\" > <div class=\"row middle-sm text-center\" ><div class=\"col-sm-5 space-bottom-xs content-column content-right-sm\" data-type=\"column\" >  <h2 class=\"\" ><span style=\"font-family: Playfair Display,sans-serif; font-weight: 700; font-style: italic;\" href=\"#\" >Limon<\/span><\/h2> <p class=\"\" >Ka\u00e7 Farkl\u0131 Limon T\u00fcr\u00fc Var?<br >\nLamas. 1 \/ 9. Bu \u00e7e\u015fit, ekoloji se\u00e7ici oldu\u011funda T\u00fcrkiye&#8217; nin Akdeniz B\u00f6lgesindeki Mersin ilinin bat\u0131s\u0131nda (Erdemli-Silifke) \u00f6zel bir b\u00f6lgede yeti\u015ftirilebilmektedir.<br >\n\u0130talyan Memeli &#8211; Kara Limon<br >\nEnterdonat&nbsp;<br >\nK\u00fctdiken<br >\nK\u0131br\u0131s Limonu<br >\nLizbon<br >\nMayer<br >\nMisket<\/p> <\/div> <div class=\"col-sm-7 flexbox flexbox middle-xs center-xs space-bottom-xs\" ><div class=\"overlay-box flexbox middle-xs center-xs overlay-holder \" > <div class=\"overlay-box-offset offset-background shadow-medium bg-color2 hide-xs\" ><\/div> <img decoding=\"async\" class=\"flexbox shadow-large img1\" src=\"http:\/\/meypal.com.tr\/wp-content\/uploads\/2019\/05\/cropped-yb.jpg\" data-size=\"600x400\"  alt=\"\" title=\"cropped-yb.jpg\"><\/div> <\/div><\/div> <\/div><\/div><div data-label=\"Content\" data-id=\"content--1\" data-export-id=\"content-7\" data-category=\"content\" class=\"content-7 content-section content-section-spacing\" id=\"content-1\"  style=\"background-color: rgb(245, 250, 253);\"><div class=\"gridContainer\" > <div class=\"row middle-sm\" ><div class=\"col-sm-6 space-bottom-xs\" data-type=\"column\" > <h2 class=\"\" >Enterdonat<\/h2> <p class=\"\" >En erkenci bir t\u00fcr olan Enterdonat, d\u00fcnyada en \u00e7ok T\u00fcrkiye&#8217; nin Do\u011fu Akdeniz B\u00f6lgesi&#8217; nde yeti\u015ftirilmektedir. D\u00fcnyan\u0131n en fazla Enterdonat \u00fcreten \u00fclkesi 450.000 ton ile T\u00fcrkiye&#8217; dir. Meyvesi b\u00fcy\u00fck, uzun ve silindirik bi\u00e7imindedir. Meyvenin en belirgin \u00f6zelli\u011fi, meme ba\u015f\u0131n\u0131n yana yat\u0131k olmas\u0131d\u0131r. Meyve kabu\u011fu, d\u00fczg\u00fcn, a\u00e7\u0131k ye\u015fil renkli ve parlakt\u0131r. \u00c7ekirdek say\u0131s\u0131 az olan meyvenin eti, ye\u015filimsi sar\u0131 renktedir. Erkenci bir t\u00fcr oldu\u011fu i\u00e7in depolamaya elveri\u015fli de\u011fildir. A\u011fa\u00e7lar\u0131 orta kuvvetli ve dikensize yak\u0131nd\u0131r. Periyodisiteye e\u011filimi vard\u0131r. \u0130hracat d\u00f6nemi; eyl\u00fcl &#8211; ekim &#8211; kas\u0131m \u2013 aral\u0131k aylar\u0131d\u0131r.<\/p> <\/div> <div class=\"col-sm-6\" data-type=\"column\" > <img decoding=\"async\" class=\"shadow-large\" src=\"http:\/\/meypal.com.tr\/wp-content\/uploads\/2019\/05\/cropped-o-1.jpg\"  alt=\"\" title=\"cropped-o-1.jpg\"><\/div> <\/div><\/div> <\/div><div data-label=\"Content\" data-id=\"content--2\" data-export-id=\"content-7\" data-category=\"content\" class=\"content-7 content-section content-section-spacing\" id=\"content-2\"  style=\"background-color: rgb(255, 255, 255);\"><div class=\"gridContainer\" > <div class=\"row middle-sm\" ><div class=\"col-sm-6 space-bottom-xs\" data-type=\"column\" > <h2 class=\"\" >K\u00fctdiken<\/h2> <p class=\"\" >\u00dclkemizde \u00fcretilen en eski limon \u00e7e\u015fidi olup \u00fcretimi ve depolamas\u0131 en fazla yap\u0131lan bir \u00e7e\u015fittir. \u00c7ok \u00fcst\u00fcn meyve kalitesine sahiptir. Meyve kabu\u011fu d\u00fczg\u00fcn, parlak, meyve etine s\u0131k\u0131 ba\u011fl\u0131, ye\u015fil sar\u0131 veya limon sar\u0131s\u0131 renktedir. Meme k\u0131sm\u0131 fazla geli\u015fmemi\u015ftir. Meyve elips \u015feklindedir. \u00c7ekirdeklidir. Bol sulu ve y\u00fcksek asitlidir. Y\u00fcksek verimlidir ve d\u00fczenli meyve verir. A\u011fa\u00e7lar\u0131 orta kuvvette b\u00fcy\u00fcr. Meyvelerin a\u011fa\u00e7 \u00fczerinde da\u011f\u0131l\u0131m\u0131 d\u00fczg\u00fcnd\u00fcr. Orta mevsim \u00e7e\u015fididir.<\/p> <\/div> <div class=\"col-sm-6\" data-type=\"column\" > <img decoding=\"async\" class=\"shadow-large\" src=\"http:\/\/meypal.com.tr\/wp-content\/uploads\/2019\/05\/images-24.jpg\"  alt=\"\" title=\"images (24)\"><\/div> <\/div><\/div> <\/div><div data-label=\"Content\" data-id=\"content--3\" data-export-id=\"content-7\" data-category=\"content\" class=\"content-7 content-section content-section-spacing\" id=\"content-3\"  style=\"background-color: rgb(245, 250, 253);\"><div class=\"gridContainer\" > <div class=\"row middle-sm\" ><div class=\"col-sm-6 space-bottom-xs\" data-type=\"column\" > <h2 class=\"\" >K\u0131br\u0131s Limonu<\/h2> <p class=\"\" >Bu limon \u00e7e\u015fidi daha \u00e7ok Alanya, Anamur y\u00f6resinde yayg\u0131nd\u0131r. 1920\u2019lerde K\u0131br\u0131s\u2019 tan getirildi\u011fi san\u0131lmaktad\u0131r. Meyve kabu\u011fu sar\u0131 renkli, parlak, d\u00fczg\u00fcn, dalgal\u0131 ve kal\u0131nl\u0131\u011f\u0131 5,24 mm&#8217; dir. Meyveleri oval-silindirik \u015fekillidir. Sap k\u0131sm\u0131nda belirgin say\u0131labilecek bir boyun olmas\u0131na kar\u015f\u0131n limonlara \u00f6zg\u00fc &#8221;meme&#8221; yok denecek kadar k\u00fc\u00e7\u00fckt\u00fcr. \u00c7e\u015fidin en belirgin \u00f6zelli\u011fi budur. Kalitesi y\u00fcksek bir yerli limon \u00e7e\u015fididir. Asit i\u00e7eri\u011fi % 7-10 civar\u0131ndad\u0131r. \u00c7ok erken \u00fcr\u00fcne yatan bu \u00e7e\u015fidin a\u011fa\u00e7lar\u0131 olduk\u00e7a verimlidir. Meyveler kas\u0131m ay\u0131 ortalar\u0131ndan itibaren olgunla\u015f\u0131r; ancak, depolamaya fazla elveri\u015fli de\u011fildir. A\u011fa\u00e7 kuvvetli ve dik b\u00fcy\u00fcr.<\/p> <\/div> <div class=\"col-sm-6\" data-type=\"column\" > <img decoding=\"async\" class=\"shadow-large\" src=\"http:\/\/meypal.com.tr\/wp-content\/uploads\/2019\/05\/limon.jpg\"  alt=\"\" title=\"limon\"><\/div> <\/div><\/div> <\/div><div data-label=\"Content\" data-id=\"content--4\" data-export-id=\"content-7\" data-category=\"content\" class=\"content-7 content-section content-section-spacing\" id=\"content-4\"  style=\"background-color: rgb(255, 255, 255);\"><div class=\"gridContainer\" > <div class=\"row middle-sm\" ><div class=\"col-sm-6 space-bottom-xs\" data-type=\"column\" > <h2 class=\"\" >Lizbon<\/h2> <p class=\"\" >En erkenci bir t\u00fcr olan Enterdonat, d\u00fcnyada en \u00e7ok T\u00fcrkiye&#8217; nin Do\u011fu Akdeniz B\u00f6lgesi&#8217; nde yeti\u015ftirilmektedir. D\u00fcnyan\u0131n en fazla Enterdonat \u00fcreten \u00fclkesi 450.000 ton ile T\u00fcrkiye&#8217; dir. Meyvesi b\u00fcy\u00fck, uzun ve silindirik bi\u00e7imindedir. Meyvenin en belirgin \u00f6zelli\u011fi, meme ba\u015f\u0131n\u0131n yana yat\u0131k olmas\u0131d\u0131r. Meyve kabu\u011fu, d\u00fczg\u00fcn, a\u00e7\u0131k ye\u015fil renkli ve parlakt\u0131r. \u00c7ekirdek say\u0131s\u0131 az olan meyvenin eti, ye\u015filimsi sar\u0131 renktedir. Erkenci bir t\u00fcr oldu\u011fu i\u00e7in depolamaya elveri\u015fli de\u011fildir. A\u011fa\u00e7lar\u0131 orta kuvvetli ve dikensize yak\u0131nd\u0131r<\/p> <\/div> <div class=\"col-sm-6\" data-type=\"column\" > <img decoding=\"async\" class=\"shadow-large\" src=\"http:\/\/meypal.com.tr\/wp-content\/uploads\/2019\/05\/cropped-o-1-1.jpg\"  alt=\"\" title=\"cropped-o-1-1.jpg\"><\/div> <\/div><\/div> <\/div><div data-label=\"Content\" data-id=\"content--5\" data-export-id=\"content-7\" data-category=\"content\" class=\"content-7 content-section content-section-spacing\" id=\"content-5\"  style=\"background-color: rgb(245, 250, 253);\"><div class=\"gridContainer\" > <div class=\"row middle-sm\" ><div class=\"col-sm-6 space-bottom-xs\" data-type=\"column\" > <h2 class=\"\" >Mayer<\/h2> <p class=\"\" >Mayer\u2019in di\u011fer limon \u00e7e\u015fitlerinden farkl\u0131 bir \u00f6zelli\u011fi maxsimum 2,5-3m boyunda olmalar\u0131, keza meyveden ba\u015f\u0131n\u0131 kald\u0131r\u0131p da boya gitmeye zaman\u0131 yok gibidir. Taze g\u00fcz s\u00fcrg\u00fcnleri de olmad\u0131\u011f\u0131ndan dona kar\u015f\u0131 di\u011fer \u00e7e\u015fit limonlara nazaran daha dayan\u0131kl\u0131 olmaktad\u0131r. Yediveren \u00e7e\u015fiti, y\u0131l\u0131n her mevsiminde meyve vermekte olup bol g\u00fcne\u015fli ve gece g\u00fcnd\u00fcz aras\u0131ndaki s\u0131cakl\u0131k fark\u0131n\u0131n fazla olmad\u0131\u011f\u0131 iklimi sevmektedir. S\u0131f\u0131r derecede taze filizler kurur, dikimden itibaren 2-3 y\u0131l k\u0131\u015f so\u011fuklar\u0131na kar\u015f\u0131 naylon alt\u0131na al\u0131nmal\u0131, k\u00f6k \u00e7evresi \u00e7uval par\u00e7alar\u0131yla, samanla ve tala\u015fla dona kar\u015f\u0131 korunmal\u0131d\u0131r. Portakal limon kar\u0131\u015f\u0131m\u0131 bir tad\u0131 mevcuttur. Mayer limon dikildikten 1 y\u0131l sonra meyve vermeye ba\u015flar. Baz\u0131 merakl\u0131 veya istekli insanlar\u0131m\u0131z bu mayer limonlar\u0131 saks\u0131da yeti\u015ftirip meyve almaktad\u0131r. Evlerin g\u00fcne\u015f g\u00f6ren balkonlar\u0131nda rahatl\u0131kla yeti\u015febilir.<\/p> <\/div> <div class=\"col-sm-6\" data-type=\"column\" > <img decoding=\"async\" class=\"shadow-large\" src=\"http:\/\/meypal.com.tr\/wp-content\/uploads\/2019\/05\/cropped-ytr.jpg\"  alt=\"\" title=\"cropped-ytr.jpg\"><\/div> <\/div><\/div> <\/div><div data-label=\"Content\" data-id=\"content--6\" data-export-id=\"content-7\" data-category=\"content\" class=\"content-7 content-section content-section-spacing\" id=\"content-6\"  style=\"background-color: rgb(255, 255, 255);\"><div class=\"gridContainer\" > <div class=\"row middle-sm\" ><div class=\"col-sm-6 space-bottom-xs\" data-type=\"column\" > <h2 class=\"\" >Misket<\/h2> <p class=\"\" >T\u00fcrkiye\u2019 de ye\u015fil limon veya Misket limon olarak bilinir. Muhte\u015fem bir tad\u0131 vard\u0131r, mojito gibi kokteyl ve i\u00e7eceklerin yap\u0131m\u0131nda t\u00fcketilir. Yemek ve tatl\u0131larda tatland\u0131r\u0131c\u0131 olarak da kullan\u0131l\u0131r.<\/p> <\/div> <div class=\"col-sm-6\" data-type=\"column\" > <img decoding=\"async\" class=\"shadow-large\" src=\"http:\/\/meypal.com.tr\/wp-content\/uploads\/2019\/05\/cropped-1071522_cover_rect.jpeg\"  alt=\"\" title=\"cropped-1071522_cover_rect.jpeg\"><\/div> <\/div><\/div> <\/div><div data-label=\"Content\" data-id=\"content--7\" data-export-id=\"content-7\" data-category=\"content\" class=\"content-7 content-section content-section-spacing\" id=\"content-7\"  style=\"background-color: rgb(245, 250, 253);\"><div class=\"gridContainer\" > <div class=\"row middle-sm\" ><div class=\"col-sm-6 space-bottom-xs\" data-type=\"column\" > <h2 class=\"\" >Molla Mehmet<\/h2> <p class=\"\" >\u00dclkemizde Mersin ilinde yayg\u0131nd\u0131r. K\u00f6keni \u00fczerinde belirgin bir bilgi yoktur. Meyveleri sar\u0131 renklidir. Kabuk girintili \u00e7\u0131k\u0131nt\u0131l\u0131, orta kal\u0131nl\u0131ktad\u0131r ve kal\u0131nl\u0131\u011f\u0131 5,54 mm&#8217; dir. Meyvenin sap taraf\u0131nda belirgin bir boyun bulunur. Meme, k\u00fct ve kaba yap\u0131l\u0131d\u0131r. Suda \u00e7\u00f6z\u00fcnebilir kuru madde miktar\u0131 % 8-10, titre edilebilir asit i\u00e7eri\u011fi % 6-10&#8242; civar\u0131ndad\u0131r. \u00c7ok \u00f6nemli bir yerli limon \u00e7e\u015fididir. U\u00e7kurutan hastal\u0131\u011f\u0131na (Phoma tracheiphila) g\u00f6receli dayan\u0131kl\u0131l\u0131\u011f\u0131 vard\u0131r. Y\u00fcksek verimli ve olduk\u00e7a d\u00fczenli \u00fcr\u00fcn verir.<\/p> <\/div> <div class=\"col-sm-6\" data-type=\"column\" > <img decoding=\"async\" class=\"shadow-large\" src=\"http:\/\/meypal.com.tr\/wp-content\/uploads\/2019\/05\/moal.jpg\"  alt=\"\" title=\"moal\"><\/div> <\/div><\/div> <\/div>","protected":false},"excerpt":{"rendered":"<p>Limon Ka\u00e7 Farkl\u0131 Limon T\u00fcr\u00fc Var? Lamas. 1 \/ 9. Bu \u00e7e\u015fit, ekoloji se\u00e7ici oldu\u011funda T\u00fcrkiye&#8217; nin Akdeniz B\u00f6lgesindeki Mersin ilinin bat\u0131s\u0131nda (Erdemli-Silifke) \u00f6zel bir b\u00f6lgede yeti\u015ftirilebilmektedir. \u0130talyan Memeli &#8211; Kara Limon Enterdonat&nbsp; K\u00fctdiken K\u0131br\u0131s Limonu Lizbon Mayer Misket Enterdonat En erkenci bir t\u00fcr olan Enterdonat, d\u00fcnyada en \u00e7ok T\u00fcrkiye&#8217; nin Do\u011fu Akdeniz B\u00f6lgesi&#8217; nde&hellip; <br \/> <a class=\"read-more\" href=\"http:\/\/meypal.com.tr\/tr\/limon\/\">Devam\u0131<\/a><\/p>\n","protected":false},"author":1,"featured_media":0,"parent":0,"menu_order":0,"comment_status":"closed","ping_status":"closed","template":"pro\/page-templates\/full-width-page.php","meta":[],"_links":{"self":[{"href":"http:\/\/meypal.com.tr\/tr\/wp-json\/wp\/v2\/pages\/398"}],"collection":[{"href":"http:\/\/meypal.com.tr\/tr\/wp-json\/wp\/v2\/pages"}],"about":[{"href":"http:\/\/meypal.com.tr\/tr\/wp-json\/wp\/v2\/types\/page"}],"author":[{"embeddable":true,"href":"http:\/\/meypal.com.tr\/tr\/wp-json\/wp\/v2\/users\/1"}],"replies":[{"embeddable":true,"href":"http:\/\/meypal.com.tr\/tr\/wp-json\/wp\/v2\/comments?post=398"}],"version-history":[{"count":3,"href":"http:\/\/meypal.com.tr\/tr\/wp-json\/wp\/v2\/pages\/398\/revisions"}],"predecessor-version":[{"id":983,"href":"http:\/\/meypal.com.tr\/tr\/wp-json\/wp\/v2\/pages\/398\/revisions\/983"}],"wp:attachment":[{"href":"http:\/\/meypal.com.tr\/tr\/wp-json\/wp\/v2\/media?parent=398"}],"curies":[{"name":"wp","href":"https:\/\/api.w.org\/{rel}","templated":true}]}}