{"id":419,"date":"2019-01-28T22:18:11","date_gmt":"2019-01-28T19:18:11","guid":{"rendered":"http:\/\/meypal.com.tr\/?page_id=419"},"modified":"2019-08-07T20:12:42","modified_gmt":"2019-08-07T17:12:42","slug":"siyah-incir","status":"publish","type":"page","link":"https:\/\/meypal.com.tr\/tr\/siyah-incir\/","title":{"rendered":"Siyah \u0130ncir"},"content":{"rendered":"<div data-label=\"About\" data-id=\"about--2\" data-export-id=\"about-9\" data-category=\"about\" class=\"about-9 content-section content-section-spacing\" id=\"about-2\"  style=\"background-color: rgb(245, 250, 253);\"><div class=\"gridContainer\" > <div class=\"row middle-sm text-center\" ><div class=\"col-sm-5 space-bottom-xs content-column content-right-sm\" data-type=\"column\" >  <h2 class=\"\" >Siyah incir<\/h2> <p class=\"\" >Meypal, \n<br ><br >E\u015fsizli\u011fi, aromas\u0131, dokusu ve tad\u0131 ile karakterize olan taze \u00fcr\u00fcnler, sat\u0131\u015f nok- talar\u0131ndan kaybolurken hayatlar\u0131m\u0131zdan da \u00e7\u0131k\u0131yor \u00e7\u00fcnk\u00fc art\u0131k boyut, raf \u00f6mr\u00fc, sezon, vb. gibi \u015fartlar\u0131 kar\u015f\u0131lam\u0131yorlar. Meypal bu tarz e\u015fsiz \u00fcr\u00fcnlere gerekti\u011fi de\u011ferin ve \u00f6nemin verilmesini istiyor. \u0130\u015fte bu nedenle g\u00fcn\u00fcm\u00fcz\u00fcn \u00fcretim ve da\u011f\u0131t\u0131m sistemlerinin gerektirdi\u011fi garantilere sahip olan, gelenek- sel ve otantik \u00fcr\u00fcnlerin ruhunu bir araya getirmeyi ba\u015faran, bu \u00e7e\u015fitler katalo\u011funu haz\u0131rlad\u0131k.<\/p> <\/div> <div class=\"col-sm-7 flexbox flexbox middle-xs center-xs space-bottom-xs\" ><div class=\"overlay-box flexbox middle-xs center-xs overlay-holder \" > <div class=\"overlay-box-offset offset-background shadow-medium bg-color2 hide-xs\" ><\/div> <img decoding=\"async\" class=\"flexbox shadow-large img1\" src=\"http:\/\/meypal.com.tr\/wp-content\/uploads\/2019\/08\/cropped-incir1.fw_-1.png\" data-size=\"600x400\"  alt=\"\" title=\"cropped-incir1.fw_-1.png\"><\/div> <\/div><\/div> <\/div><\/div><div data-label=\"About\" data-id=\"about--1\" data-export-id=\"about-9\" data-category=\"about\" class=\"about-9 content-section content-section-spacing\" id=\"about-1\"  style=\"background-color: rgb(255, 255, 255);\"><div class=\"gridContainer\" > <div class=\"row middle-sm text-center\" ><div class=\"col-sm-5 space-bottom-xs content-column content-right-sm\" data-type=\"column\" > <h5 class=\"\" >Siyah incir<\/h5>  <p class=\"\" >\u0130ncir, anavatan\u0131 do\u011fu Akdeniz ve g\u00fcneybat\u0131 Asya olan, a\u011fa\u00e7 ya da a\u011fa\u00e7\u00e7\u0131k nitelikli bir bitki t\u00fcr\u00fc ve bu t\u00fcr\u00fcn meyvesidir. \u0130ncir, dutgiller familyas\u0131na dahil olan incir cinsinin i\u00e7erdi\u011fi yakla\u015f\u0131k 800 kadar t\u00fcr i\u00e7inde ticari \u00f6neme sahip meyve veren tek bitkidir. Vikipedi<br >\nBilimsel ad\u0131: Ficus carica<br >\nProtein: 750 mg<br >\nKalsiyum miktar\u0131: 35 mg<br >\nPotasyum: 242 mg<br >\nYa\u011f miktar\u0131: 300 mg<br >\nFamilya: Moraceae (Dutgiller)<\/p> <\/div> <div class=\"col-sm-7 flexbox flexbox middle-xs center-xs space-bottom-xs\" ><div class=\"overlay-box flexbox middle-xs center-xs overlay-holder \" > <div class=\"overlay-box-offset offset-background shadow-medium bg-color2 hide-xs\" ><\/div> <img decoding=\"async\" class=\"flexbox shadow-large img1\" src=\"http:\/\/meypal.com.tr\/wp-content\/uploads\/2019\/08\/cropped-incir1.fw_.png\" data-size=\"600x400\"  alt=\"\" title=\"cropped-incir1.fw_.png\"><\/div> <\/div><\/div> <\/div><\/div>","protected":false},"excerpt":{"rendered":"<p>Siyah incir Meypal, E\u015fsizli\u011fi, aromas\u0131, dokusu ve tad\u0131 ile karakterize olan taze \u00fcr\u00fcnler, sat\u0131\u015f nok- talar\u0131ndan kaybolurken hayatlar\u0131m\u0131zdan da \u00e7\u0131k\u0131yor \u00e7\u00fcnk\u00fc art\u0131k boyut, raf \u00f6mr\u00fc, sezon, vb. gibi \u015fartlar\u0131 kar\u015f\u0131lam\u0131yorlar. Meypal bu tarz e\u015fsiz \u00fcr\u00fcnlere gerekti\u011fi de\u011ferin ve \u00f6nemin verilmesini istiyor. \u0130\u015fte bu nedenle g\u00fcn\u00fcm\u00fcz\u00fcn \u00fcretim ve da\u011f\u0131t\u0131m sistemlerinin gerektirdi\u011fi garantilere sahip olan, gelenek- sel&hellip; <br \/> <a class=\"read-more\" href=\"https:\/\/meypal.com.tr\/tr\/siyah-incir\/\">Devam\u0131<\/a><\/p>\n","protected":false},"author":1,"featured_media":0,"parent":0,"menu_order":0,"comment_status":"closed","ping_status":"closed","template":"pro\/page-templates\/full-width-page.php","meta":[],"_links":{"self":[{"href":"https:\/\/meypal.com.tr\/tr\/wp-json\/wp\/v2\/pages\/419"}],"collection":[{"href":"https:\/\/meypal.com.tr\/tr\/wp-json\/wp\/v2\/pages"}],"about":[{"href":"https:\/\/meypal.com.tr\/tr\/wp-json\/wp\/v2\/types\/page"}],"author":[{"embeddable":true,"href":"https:\/\/meypal.com.tr\/tr\/wp-json\/wp\/v2\/users\/1"}],"replies":[{"embeddable":true,"href":"https:\/\/meypal.com.tr\/tr\/wp-json\/wp\/v2\/comments?post=419"}],"version-history":[{"count":4,"href":"https:\/\/meypal.com.tr\/tr\/wp-json\/wp\/v2\/pages\/419\/revisions"}],"predecessor-version":[{"id":1147,"href":"https:\/\/meypal.com.tr\/tr\/wp-json\/wp\/v2\/pages\/419\/revisions\/1147"}],"wp:attachment":[{"href":"https:\/\/meypal.com.tr\/tr\/wp-json\/wp\/v2\/media?parent=419"}],"curies":[{"name":"wp","href":"https:\/\/api.w.org\/{rel}","templated":true}]}}