{"id":422,"date":"2019-01-28T22:18:35","date_gmt":"2019-01-28T19:18:35","guid":{"rendered":"http:\/\/meypal.com.tr\/?page_id=422"},"modified":"2019-08-19T20:27:29","modified_gmt":"2019-08-19T17:27:29","slug":"uzum","status":"publish","type":"page","link":"https:\/\/meypal.com.tr\/tr\/uzum\/","title":{"rendered":"\u00dcz\u00fcm"},"content":{"rendered":"<div data-label=\"About\" data-id=\"about--1\" data-export-id=\"about-9\" data-category=\"about\" class=\"about-9 content-section content-section-spacing\" id=\"about-1\"  style=\"background-color: rgb(255, 255, 255);\"><div class=\"gridContainer\" > <div class=\"row middle-sm text-center\" ><div class=\"col-sm-5 space-bottom-xs content-column content-right-sm\" data-type=\"column\" >  <h2 class=\"\" >\u00dcz\u00fcm<\/h2> <p class=\"\" >\n<br ><span style=\"font-family: &quot;arial black&quot;, sans-serif;\" >PEMBE GEMRE<\/span><br >Pembe gemre salk\u0131mlar\u0131 b\u00fcy\u00fck, orta s\u0131kl\u0131ktad\u0131r. Taneleri pembe renkli ve iridir. Yar\u0131 uzun budanmas\u0131 gereken bir \u00e7e\u015fit olan gemrenin\n<br >verimi fazlad\u0131r. Eyl\u00fcl ay\u0131 i\u00e7erisinde olgunla\u015f\u0131r.<\/p> <\/div> <div class=\"col-sm-7 flexbox flexbox middle-xs center-xs space-bottom-xs\" ><div class=\"overlay-box flexbox middle-xs center-xs overlay-holder \" > <div class=\"overlay-box-offset offset-background shadow-medium bg-color2 hide-xs\" ><\/div> <img decoding=\"async\" class=\"flexbox shadow-large img1\" src=\"http:\/\/meypal.com.tr\/wp-content\/uploads\/2019\/01\/2015128115427545.jpg\" data-size=\"600x400\"  alt=\"\" title=\"2015128115427545\"><\/div> <\/div><\/div> <\/div><\/div><div data-label=\"About\" data-id=\"about--2\" data-export-id=\"about-9\" data-category=\"about\" class=\"about-9 content-section content-section-spacing\" id=\"about-2\"  style=\"background-color: rgb(245, 250, 253);\"><div class=\"gridContainer\" > <div class=\"row middle-sm text-center\" ><div class=\"col-sm-5 space-bottom-xs content-column content-right-sm\" data-type=\"column\" >   <p class=\"\" >Salk\u0131mlar\u0131 b\u00fcy\u00fck ve tek ba\u015f\u0131na a\u011f\u0131rd\u0131r. A\u011fac\u0131n\u0131n yap\u0131s\u0131 s\u0131k dall\u0131, \u00fcz\u00fcmlerin \u015fekli ise konik bi\u00e7iminde ve etli bir yap\u0131dad\u0131r. Budamas\u0131 kar\u0131\u015f\u0131k ve uzun olarak yap\u0131lan \u00e7ok verimli bir t\u00fcrd\u00fcr. Olu\u015fumunu erken tamamlayan bir \u00fcz\u00fcmd\u00fcr ancak salk\u0131m halinde a\u011fa\u00e7ta uzun bir zaman bozulmadan kendini korur.<\/p> <\/div> <div class=\"col-sm-7 flexbox flexbox middle-xs center-xs space-bottom-xs\" ><div class=\"overlay-box flexbox middle-xs center-xs overlay-holder \" > <div class=\"overlay-box-offset offset-background shadow-medium bg-color2 hide-xs\" ><\/div> <img decoding=\"async\" class=\"flexbox shadow-large img1\" src=\"http:\/\/meypal.com.tr\/wp-content\/uploads\/2019\/01\/1426958422.jpg\" data-size=\"600x400\"  alt=\"\" title=\"1426958422\"><\/div> <\/div><\/div> <\/div><\/div><div data-label=\"About\" data-id=\"about--3\" data-export-id=\"about-9\" data-category=\"about\" class=\"about-9 content-section content-section-spacing\" id=\"about-3\"  style=\"background-color: rgb(255, 255, 255);\"><div class=\"gridContainer\" > <div class=\"row middle-sm text-center\" ><div class=\"col-sm-5 space-bottom-xs content-column content-right-sm\" data-type=\"column\" ><h6 class=\"\" ><span style=\"font-weight: 300;\" >\n<br ><span style=\"font-family: &quot;arial black&quot;, sans-serif;\" >SUPER ASMA UZUMU<\/span><br >Genellikle yedi\u011fimiz \u00fcz\u00fcm t\u00fcr\u00fc budur halk aras\u0131nda \u201csofral\u0131k \u00fcz\u00fcm\u201d olarak bilinir.<\/span><br ><span style=\"font-weight: 300;\" >\nSalk\u0131mlar\u0131 irice, taneleri ise \u00e7ok s\u0131k bir g\u00f6r\u00fcn\u00fcmdedir. Ayr\u0131ca taneleri ye\u015file \u00e7alan bir sar\u0131 renkte olup, k\u0131sa ve hafif ovald\u0131r. A\u011fustos ay\u0131nda olgunla\u015fan \u00fcz\u00fcmlerden birisidir.<\/span><span id=\"_mce_caret\" data-mce-bogus=\"1\" data-mce-type=\"format-caret\" ><span style=\"font-family: arial, helvetica, sans-serif; font-weight: 300;\" >\ufeff<\/span><\/span><\/h6>    <\/div> <div class=\"col-sm-7 flexbox flexbox middle-xs center-xs space-bottom-xs\" ><div class=\"overlay-box flexbox middle-xs center-xs overlay-holder \" > <div class=\"overlay-box-offset offset-background shadow-medium bg-color2 hide-xs\" ><\/div> <img decoding=\"async\" class=\"flexbox shadow-large img1\" src=\"http:\/\/meypal.com.tr\/wp-content\/uploads\/2019\/08\/beyaz-uzum-ile-siyah-uzum-arasindaki-fark-nedir.jpeg\" data-size=\"600x400\"  alt=\"\" title=\"beyaz-uzum-ile-siyah-uzum-arasindaki-fark-nedir\"><\/div> <\/div><\/div> <\/div><\/div><div data-label=\"About\" data-id=\"about--4\" data-export-id=\"about-9\" data-category=\"about\" class=\"about-9 content-section content-section-spacing\" id=\"about-4\"  style=\"background-color: rgb(245, 250, 253);\"><div class=\"gridContainer\" > <div class=\"row middle-sm text-center\" ><div class=\"col-sm-5 space-bottom-xs content-column content-right-sm\" data-type=\"column\" >   <h6 class=\"\" >TRAKYA \u0130LKEREN<\/h6><p class=\"\" >Salk\u0131mlar\u0131 b\u00fcy\u00fck ve tek ba\u015f\u0131na a\u011f\u0131rd\u0131r. A\u011fac\u0131n\u0131n yap\u0131s\u0131 s\u0131k dall\u0131, \u00fcz\u00fcmlerin \u015fekli ise konik bi\u00e7iminde ve etli bir yap\u0131dad\u0131r. Budamas\u0131 kar\u0131\u015f\u0131k ve uzun olarak yap\u0131lan \u00e7ok verimli bir t\u00fcrd\u00fcr. Olu\u015fumunu erken tamamlayan bir \u00fcz\u00fcmd\u00fcr ancak salk\u0131m halinde a\u011fa\u00e7ta uzun bir zaman bozulmadan kendini korur.<\/p> <\/div> <div class=\"col-sm-7 flexbox flexbox middle-xs center-xs space-bottom-xs\" ><div class=\"overlay-box flexbox middle-xs center-xs overlay-holder \" > <div class=\"overlay-box-offset offset-background shadow-medium bg-color2 hide-xs\" ><\/div> <img decoding=\"async\" class=\"flexbox shadow-large img1\" src=\"http:\/\/meypal.com.tr\/wp-content\/uploads\/2019\/08\/cropped-1923296-wq0wyO.jpg\" data-size=\"600x400\"  alt=\"\" title=\"cropped-1923296-wq0wyO.jpg\"><\/div> <\/div><\/div> <\/div><\/div>","protected":false},"excerpt":{"rendered":"<p>\u00dcz\u00fcm PEMBE GEMREPembe gemre salk\u0131mlar\u0131 b\u00fcy\u00fck, orta s\u0131kl\u0131ktad\u0131r. Taneleri pembe renkli ve iridir. Yar\u0131 uzun budanmas\u0131 gereken bir \u00e7e\u015fit olan gemrenin verimi fazlad\u0131r. Eyl\u00fcl ay\u0131 i\u00e7erisinde olgunla\u015f\u0131r. Salk\u0131mlar\u0131 b\u00fcy\u00fck ve tek ba\u015f\u0131na a\u011f\u0131rd\u0131r. A\u011fac\u0131n\u0131n yap\u0131s\u0131 s\u0131k dall\u0131, \u00fcz\u00fcmlerin \u015fekli ise konik bi\u00e7iminde ve etli bir yap\u0131dad\u0131r. Budamas\u0131 kar\u0131\u015f\u0131k ve uzun olarak yap\u0131lan \u00e7ok verimli bir&hellip; <br \/> <a class=\"read-more\" href=\"https:\/\/meypal.com.tr\/tr\/uzum\/\">Devam\u0131<\/a><\/p>\n","protected":false},"author":1,"featured_media":0,"parent":0,"menu_order":0,"comment_status":"closed","ping_status":"closed","template":"pro\/page-templates\/full-width-page.php","meta":[],"_links":{"self":[{"href":"https:\/\/meypal.com.tr\/tr\/wp-json\/wp\/v2\/pages\/422"}],"collection":[{"href":"https:\/\/meypal.com.tr\/tr\/wp-json\/wp\/v2\/pages"}],"about":[{"href":"https:\/\/meypal.com.tr\/tr\/wp-json\/wp\/v2\/types\/page"}],"author":[{"embeddable":true,"href":"https:\/\/meypal.com.tr\/tr\/wp-json\/wp\/v2\/users\/1"}],"replies":[{"embeddable":true,"href":"https:\/\/meypal.com.tr\/tr\/wp-json\/wp\/v2\/comments?post=422"}],"version-history":[{"count":3,"href":"https:\/\/meypal.com.tr\/tr\/wp-json\/wp\/v2\/pages\/422\/revisions"}],"predecessor-version":[{"id":1177,"href":"https:\/\/meypal.com.tr\/tr\/wp-json\/wp\/v2\/pages\/422\/revisions\/1177"}],"wp:attachment":[{"href":"https:\/\/meypal.com.tr\/tr\/wp-json\/wp\/v2\/media?parent=422"}],"curies":[{"name":"wp","href":"https:\/\/api.w.org\/{rel}","templated":true}]}}