{"id":459,"date":"2019-01-28T22:50:09","date_gmt":"2019-01-28T19:50:09","guid":{"rendered":"http:\/\/meypal.com.tr\/?page_id=459"},"modified":"2019-04-30T08:57:07","modified_gmt":"2019-04-30T05:57:07","slug":"e-katalog","status":"publish","type":"page","link":"https:\/\/meypal.com.tr\/tr\/e-katalog\/","title":{"rendered":"E-Katalog"},"content":{"rendered":"<div  data-id=\"initial-content-section\" data-export-id=\"initial-content-section\" data-label=\"Initial Content\" id=\"initial-content-section\" class=\"content-section content-section-spacing\">\n   <div  class=\"gridContainer\">\n     <div  class=\"row\">\n\n        <div  class=\"col-xs-12 col-sm-12\">                <p ><\/p>\n<figure  class=\"wp-block-image\"><img decoding=\"async\"  src=\"http:\/\/meypal.com.tr\/wp-content\/uploads\/2019\/04\/Meypal-2017-2018-U_ru_n-Katalog_u.pdf\" alt=\"\" class=\"wp-image-723\"><\/figure>\n<p ><\/p>\n\n          <\/div>\n      <\/div>\n  <\/div>\n<\/div><div  data-label=\"About\" data-id=\"about--1\" data-export-id=\"about-9\" data-category=\"about\" class=\"about-9 content-section content-section-spacing\" id=\"about-1\" style=\"background-color: rgb(245, 250, 253);\"><div  class=\"gridContainer\"> <div  class=\"row middle-sm text-center\"><div  class=\"col-sm-5 space-bottom-xs content-column content-right-sm\" data-type=\"column\"> <h5  class=\"\">Meypal Katalog<\/h5> <h2  class=\"\"><font  face=\"Playfair Display, sans-serif\"><i >E-katalog<\/i><\/font><\/h2> <p  class=\"\">Meypal firma&nbsp; profiline a\u015fa\u011f\u0131daki indirme linkinden ula\u015fabilirsiniz\u2026<\/p> <div  data-editable=\"true\" data-name=\"ope-custom-content-shortcode\" data-content-shortcode=\"wpdm_package id='752'\" class=\"\"><div class='w3eden'><!-- WPDM Link Template: Default Template -->\n\n\n<div class=\"link-template-default card mb-2\">\n    <div class=\"card-body\">\n        <div class=\"media stack-xs\">\n            <div class=\"media-body\">\n                <div class=\"media\">\n                    <div class=\"mr-3 img-48\"><img class=\"wpdm_icon\" alt=\"Icon\" src=\"https:\/\/meypal.com.tr\/wp-content\/plugins\/download-manager\/assets\/file-type-icons\/pdf.svg\" onError='this.src=\"https:\/\/meypal.com.tr\/wp-content\/plugins\/download-manager\/assets\/file-type-icons\/unknown.svg\";' \/><\/div>\n                    <div class=\"media-body\">\n                        <h3 class=\"package-title\"><a href='https:\/\/meypal.com.tr\/tr\/download\/dosya-indir\/'>Dosya \u0130ndir<\/a><\/h3>\n                        <div class=\"text-muted text-small\"><i class=\"fas fa-copy\"><\/i> 1 file(s) <i class=\"fas fa-hdd ml-3\"><\/i> 5.32 MB<\/div>\n                    <\/div>\n                <\/div>\n            <\/div>\n            <div class=\"ml-3 wpdmdl-btn\">\n                <a class='wpdm-download-link download-on-click btn btn-primary ' rel='nofollow' href='#' data-downloadurl=\"https:\/\/meypal.com.tr\/tr\/download\/dosya-indir\/?wpdmdl=752&refresh=69e1561bc02d21776375323\">Download<\/a>\n            <\/div>\n        <\/div>\n    <\/div>\n<\/div>\n\n\n<\/div><\/div><\/div> <div  class=\"col-sm-7 flexbox flexbox middle-xs center-xs space-bottom-xs\"><div  class=\"overlay-box flexbox middle-xs center-xs overlay-holder \"> <div  class=\"overlay-box-offset offset-background shadow-medium bg-color2 hide-xs\"><\/div> <img decoding=\"async\"  class=\"flexbox shadow-large img1\" src=\"http:\/\/meypal.com.tr\/wp-content\/uploads\/2019\/03\/mey.jpg\" data-size=\"600x400\" alt=\"\" title=\"mey\"><\/div> <\/div><\/div> <\/div><\/div>","protected":false},"excerpt":{"rendered":"<p>Meypal Katalog E-katalog Meypal firma&nbsp; profiline a\u015fa\u011f\u0131daki indirme linkinden ula\u015fabilirsiniz\u2026<\/p>\n","protected":false},"author":1,"featured_media":0,"parent":0,"menu_order":0,"comment_status":"closed","ping_status":"closed","template":"pro\/page-templates\/full-width-page.php","meta":[],"_links":{"self":[{"href":"https:\/\/meypal.com.tr\/tr\/wp-json\/wp\/v2\/pages\/459"}],"collection":[{"href":"https:\/\/meypal.com.tr\/tr\/wp-json\/wp\/v2\/pages"}],"about":[{"href":"https:\/\/meypal.com.tr\/tr\/wp-json\/wp\/v2\/types\/page"}],"author":[{"embeddable":true,"href":"https:\/\/meypal.com.tr\/tr\/wp-json\/wp\/v2\/users\/1"}],"replies":[{"embeddable":true,"href":"https:\/\/meypal.com.tr\/tr\/wp-json\/wp\/v2\/comments?post=459"}],"version-history":[{"count":14,"href":"https:\/\/meypal.com.tr\/tr\/wp-json\/wp\/v2\/pages\/459\/revisions"}],"predecessor-version":[{"id":893,"href":"https:\/\/meypal.com.tr\/tr\/wp-json\/wp\/v2\/pages\/459\/revisions\/893"}],"wp:attachment":[{"href":"https:\/\/meypal.com.tr\/tr\/wp-json\/wp\/v2\/media?parent=459"}],"curies":[{"name":"wp","href":"https:\/\/api.w.org\/{rel}","templated":true}]}}