{"id":83,"date":"2018-02-26T08:51:24","date_gmt":"2018-02-26T08:51:24","guid":{"rendered":"http:\/\/10.44.205.152\/free-1\/mesmerize\/"},"modified":"2020-02-03T18:30:27","modified_gmt":"2020-02-03T15:30:27","slug":"mesmerize","status":"publish","type":"page","link":"https:\/\/meypal.com.tr\/tr\/","title":{"rendered":"Front Page"},"content":{"rendered":"<div  id=\"overlappable-4\" style=\"background-color: #ffffff; background-image: none;\" data-label=\"Overlappable\" data-id=\"overlappable-4\" data-export-id=\"overlappable-4\" data-category=\"overlappable\" class=\"overlappable-4 content-section content-section-spacing\" data-overlap=\"true\">\r\n    <div  class=\"gridContainer\">\r\n    <div  data-type=\"row\" class=\"row spaced-cols text-center\">\r\n    <div  class=\"col-xs-12 col-sm-4 col-padding\">\r\n    \r\n    <i  class=\"fa icon shadow-large-black aligncenter color1 fa-pagelines reverse round large\"> <\/i>\r\n    <div  data-type=\"column\" class=\"\">\r\n    <h5  class=\"\">Do\u011fadan Sizlere<\/h5>\r\n    <p  class=\"\">Tarladan Raflar\u0131n\u0131za kadar gelen t\u00fcm meyve ve sebzeler Meypal Kalitesiyle\u2026<\/p>\r\n    \r\n    <\/div>\r\n    <\/div>\r\n    <div  class=\"col-xs-12 col-sm-4 col-padding\">\r\n    \r\n    <i  class=\"fa icon shadow-large-black aligncenter color1 fa-thermometer-2 reverse round large\"> <\/i>\r\n    <div  data-type=\"column\" class=\"\">\r\n    <h5  class=\"\">Tazelik<\/h5>\r\n    <p  class=\"\">Kalite ve zaman\u0131nda teslim<\/p>\r\n    \r\n    <\/div>\r\n    <\/div>\r\n    <div  class=\"col-xs-12 col-sm-4 col-padding\">\r\n    \r\n    <i  class=\"fa icon shadow-large-black aligncenter color1 fa-lemon-o reverse round large\"> <\/i>\r\n    <div  data-type=\"column\" class=\"\">\r\n    <h5  class=\"\">\u00dcr\u00fcnlerimiz<\/h5>\r\n    <p  class=\"\">Ba\u015fl\u0131ca;&nbsp;<br >\u2022Biber \u00c7e\u015fitleri, Sebze \u00c7e\u015fitleri, Nar, Ayva, Limon, Marul \u00c7e\u015fitleri, Portakal, Mandalina, Greyfurt, \u00dcz\u00fcm, Armut, Ye\u015fillik \u00c7e\u015fitleri, So\u011fan.<\/p>\r\n    \r\n    <\/div>\r\n    <\/div>\r\n    <\/div>\r\n    <\/div>\r\n    <\/div><div  data-label=\"About\" data-id=\"about-images-right-section\" data-export-id=\"about-images-right-section\" data-category=\"about\" class=\"about-images-right-section content-section content-section-spacing\" id=\"about-12\" style=\"background-color: rgb(245, 250, 253);\"> <div  class=\"gridContainer\"> <div  class=\"row middle-sm text-center\"> <div  class=\"col-sm-5 content-left-sm\" data-type=\"column\"> <h5  class=\"\">Narenciye\u2026<\/h5> <h2  class=\"\">Meypal narenciye\u2026<\/h2> <p  class=\"\">Ba\u015fl\u0131ca \u00dcr\u00fcnlerimiz; <br >Biber \u00c7e\u015fitleri, Sebze \u00c7e\u015fitleri, Nar, Ayva, Limon, Marul \u00c7e\u015fitleri, Portakal, Mandalina, Greyfurt, \u00dcz\u00fcm, Armut, Ye\u015fillik \u00c7e\u015fitleri, So\u011fan.<\/p> <a class=\"button color1\" href=\"#\" target=\"_self\" data-cp-link=\"1\" rel=\"noopener noreferrer\"> Detay.. <\/a> <\/div> <div  class=\"col-sm-7\"> <div  class=\"image-group-side-3-img\"> <img decoding=\"async\"  class=\"topimg shadow-large\" src=\"http:\/\/meypal.com.tr\/wp-content\/uploads\/2019\/01\/cropped-83-1.jpg\" alt=\"\" title=\"cropped-83-1.jpg\"> <img decoding=\"async\"  class=\"rightimg shadow-large\" src=\"http:\/\/meypal.com.tr\/wp-content\/uploads\/2019\/01\/cropped-kis-meyveleri-1.jpg\" alt=\"\" title=\"cropped-kis-meyveleri-1.jpg\"> <div  class=\"leftimg\"> <img decoding=\"async\"  class=\"shadow-large\" src=\"http:\/\/meypal.com.tr\/wp-content\/uploads\/2019\/01\/cropped-2015128115427545-2.jpg\" alt=\"\" title=\"cropped-2015128115427545-2.jpg\"> <\/div> <\/div> <\/div> <\/div> <\/div> <\/div><div  id=\"overlappable-4\" style=\"background-color: #ffffff; background-image: none;\" data-label=\"Overlappable\" data-id=\"overlappable-4\" data-export-id=\"overlappable-4\" data-category=\"overlappable\" class=\"overlappable-4 content-section content-section-spacing\" data-overlap=\"true\">\r\n    <div  class=\"gridContainer\">\r\n    <div  data-type=\"row\" class=\"row spaced-cols text-center\">\r\n    <div  class=\"col-xs-12 col-sm-4 col-padding\">\r\n    \r\n    <i  class=\"fa icon shadow-large-black aligncenter color1 fa-pagelines reverse round large\"> <\/i>\r\n    <div  data-type=\"column\" class=\"\">\r\n    <h5  class=\"\">Do\u011fadan Sizlere<\/h5>\r\n    <p  class=\"\">Tarladan Raflar\u0131n\u0131za kadar gelen t\u00fcm meyve ve sebzeler Meypal Kalitesiyle\u2026<\/p>\r\n    \r\n    <\/div>\r\n    <\/div>\r\n    <div  class=\"col-xs-12 col-sm-4 col-padding\">\r\n    \r\n    <i  class=\"fa icon shadow-large-black aligncenter color1 fa-thermometer-2 reverse round large\"> <\/i>\r\n    <div  data-type=\"column\" class=\"\">\r\n    <h5  class=\"\">Tazelik<\/h5>\r\n    <p  class=\"\">Kalite ve zaman\u0131nda teslim<\/p>\r\n    \r\n    <\/div>\r\n    <\/div>\r\n    <div  class=\"col-xs-12 col-sm-4 col-padding\">\r\n    \r\n    <i  class=\"fa icon shadow-large-black aligncenter color1 fa-lemon-o reverse round large\"> <\/i>\r\n    <div  data-type=\"column\" class=\"\">\r\n    <h5  class=\"\">\u00dcr\u00fcnlerimiz<\/h5>\r\n    <p  class=\"\">Ba\u015fl\u0131ca;&nbsp;<br >\u2022Biber \u00c7e\u015fitleri, Sebze \u00c7e\u015fitleri, Nar, Ayva, Limon, Marul \u00c7e\u015fitleri, Portakal, Mandalina, Greyfurt, \u00dcz\u00fcm, Armut, Ye\u015fillik \u00c7e\u015fitleri, So\u011fan.<\/p>\r\n    \r\n    <\/div>\r\n    <\/div>\r\n    <\/div>\r\n    <\/div>\r\n    <\/div><div  data-label=\"About\" data-id=\"about-images-right-section\" data-export-id=\"about-images-right-section\" data-category=\"about\" class=\"about-images-right-section content-section content-section-spacing\" id=\"about-12\" style=\"background-color: rgb(245, 250, 253);\"> <div  class=\"gridContainer\"> <div  class=\"row middle-sm text-center\"> <div  class=\"col-sm-5 content-left-sm\" data-type=\"column\"> <h5  class=\"\">Narenciye\u2026<\/h5> <h2  class=\"\">Meypal narenciye\u2026<\/h2> <p  class=\"\">Ba\u015fl\u0131ca \u00dcr\u00fcnlerimiz; <br >Biber \u00c7e\u015fitleri, Sebze \u00c7e\u015fitleri, Nar, Ayva, Limon, Marul \u00c7e\u015fitleri, Portakal, Mandalina, Greyfurt, \u00dcz\u00fcm, Armut, Ye\u015fillik \u00c7e\u015fitleri, So\u011fan.<\/p> <a class=\"button color1\" href=\"#\" target=\"_self\" data-cp-link=\"1\" rel=\"noopener noreferrer\"> Detay.. <\/a> <\/div> <div  class=\"col-sm-7\"> <div  class=\"image-group-side-3-img\"> <img decoding=\"async\"  class=\"topimg shadow-large\" src=\"http:\/\/meypal.com.tr\/wp-content\/uploads\/2019\/01\/cropped-83-1.jpg\" alt=\"\" title=\"cropped-83-1.jpg\"> <img decoding=\"async\"  class=\"rightimg shadow-large\" src=\"http:\/\/meypal.com.tr\/wp-content\/uploads\/2019\/01\/cropped-kis-meyveleri-1.jpg\" alt=\"\" title=\"cropped-kis-meyveleri-1.jpg\"> <div  class=\"leftimg\"> <img decoding=\"async\"  class=\"shadow-large\" src=\"http:\/\/meypal.com.tr\/wp-content\/uploads\/2019\/01\/cropped-2015128115427545-2.jpg\" alt=\"\" title=\"cropped-2015128115427545-2.jpg\"> <\/div> <\/div> <\/div> <\/div> <\/div> <\/div><div  data-label=\"Misyon\" data-id=\"counters--2\" data-export-id=\"counters-1\" data-category=\"counters\" class=\"counters-1 content-section content-section-spacing\" id=\"misyon\" style=\"background-color: rgb(255, 255, 255);\"><div  class=\"gridContainer\"> <div  class=\"row text-center\"><div  class=\"section-title-col\" data-type=\"column\"> <h2  class=\"\">Misyonumuz<\/h2> <p  class=\"lead\"><span  style=\"font-size: 19.2px; background-color: rgb(245, 250, 253);\">\u015eeffaf, dinamik, geli\u015fime ve de\u011fi\u015fime a\u00e7\u0131k, kaliteli \u00fcretim, h\u0131zl\u0131 ve g\u00fcvenilir ihracat, y\u00fcksek m\u00fc\u015fteri memnuniyeti slogan\u0131yla \u015firketimizi ve \u00fclkemizi uluslararas\u0131 piyasada en iyi \u015fekilde temsil etmektir.<\/span><\/p><\/div> <\/div> <div  class=\"row spaced-cols\" data-type=\"row\" data-fixed=\"true\"> <div  class=\"col-xs-12 col-sm-4 space-bottom-small col-padding-xs\"> <div  class=\"circle-counter color1\"> <svg  class=\"circle-svg\" viewBox=\"0 0 100 100\"> <circle  r=\"48\" stroke-linecap=\"round\" cx=\"50\" cy=\"50\" fill=\"transparent\" stroke-dasharray=\"301.6\" stroke-dashoffset=\"301.6px\"><\/circle> <circle  class=\"circle-bar\" r=\"48\" stroke-linecap=\"round\" cx=\"50\" cy=\"50\" fill=\"transparent\" stroke-dasharray=\"301.6\" stroke-dashoffset=\"301.6px\" style=\"stroke-dashoffset: 301.593px;\"><\/circle><\/svg> <div  class=\"circle-content\"><h2  class=\"font-100\" data-min=\"0\" data-max=\"100\" data-stop=\"50\" data-prefix=\"\" data-suffix=\"%\" data-countup=\"true\"><\/h2> <p >M\u00fc\u015fteri<\/p><\/div> <\/div><\/div> <div  class=\"col-xs-12 col-sm-4 space-bottom-small col-padding-xs\"><div  class=\"circle-counter color2\"> <svg  class=\"circle-svg\" viewBox=\"0 0 100 100\"><circle  r=\"48\" stroke-linecap=\"round\" cx=\"50\" cy=\"50\" fill=\"transparent\" stroke-dasharray=\"301.6\" stroke-dashoffset=\"301.6px\"><\/circle> <circle  class=\"circle-bar\" r=\"48\" stroke-linecap=\"round\" cx=\"50\" cy=\"50\" fill=\"transparent\" stroke-dasharray=\"301.6\" stroke-dashoffset=\"301.6px\" style=\"stroke-dashoffset: 301.593px;\"><\/circle><\/svg> <div  class=\"circle-content\"><h2  class=\"font-100\" data-min=\"0\" data-max=\"100\" data-stop=\"75\" data-prefix=\"\" data-suffix=\"%\" data-countup=\"true\"><\/h2> <p >Y\u00fck<\/p><\/div> <\/div><\/div> <div  class=\"col-xs-12 col-sm-4 space-bottom-small col-padding-xs\"><div  class=\"circle-counter color4\"> <svg  class=\"circle-svg\" viewBox=\"0 0 100 100\"><circle  r=\"48\" stroke-linecap=\"round\" cx=\"50\" cy=\"50\" fill=\"transparent\" stroke-dasharray=\"301.6\" stroke-dashoffset=\"301.6px\"><\/circle> <circle  class=\"circle-bar\" r=\"48\" stroke-linecap=\"round\" cx=\"50\" cy=\"50\" fill=\"transparent\" stroke-dasharray=\"301.6\" stroke-dashoffset=\"301.6px\" style=\"stroke-dashoffset: 301.593px;\"><\/circle><\/svg> <div  class=\"circle-content\"><h2  class=\"font-100\" data-min=\"0\" data-max=\"100\" data-stop=\"90\" data-prefix=\"\" data-suffix=\"%\" data-countup=\"true\"><\/h2> <p >Teslimat<\/p><\/div> <\/div><\/div> <\/div><\/div> <\/div><div  data-label=\"Cta\" data-id=\"cta--1\" data-export-id=\"cta-blue-section\" data-category=\"cta\" class=\"cta-blue-section content-section content-section-spacing-medium bg-color1 white-text\" id=\"cta-2\"><div  class=\"gridContainer\"> <div  class=\"row middle-xs\"><div  class=\"col-sm-8 space-bottom-xs\" data-type=\"column\"> <h2  class=\"\">Operasyon..<\/h2> <\/div> <div  class=\"col-sm-4 end-sm\" data-type=\"column\"> <a class=\"button color2\" href=\"#\" target=\"_self\" data-cp-link=\"1\" data-icon=\"\" rel=\"noopener noreferrer\">Son durum<\/a><\/div> <\/div><\/div> <\/div><div  data-label=\"Biz\" data-id=\"features--1\" data-export-id=\"features-13-card-bordered\" data-category=\"features\" class=\"features-13 content-section content-section-spacing\" id=\"biz\" style=\"background-color: rgb(255, 255, 255);\"><div  class=\"gridContainer\"> <div  class=\"row text-center\"><div  class=\"section-title-col\" data-type=\"column\"> <h2  class=\"\">Biz ?<\/h2> <p  class=\"lead\">1945 y\u0131l\u0131nda ya\u015f sebze meyve \u00fcretimine ba\u015flayan firmam\u0131z yakla\u015f\u0131k 70 y\u0131l\u0131k tecr\u00fcbesiyle \u00fcretimini ve \u00fcr\u00fcn kalitesini artt\u0131rarak faaliyetlerini 3 ku\u015fakt\u0131r aile \u015firketi olarak s\u00fcrd\u00fcrmektedir.&nbsp;1980\u2019li y\u0131llarda i\u00e7 piyasada g\u00f6stermi\u015f oldu\u011fu ba\u015far\u0131s\u0131n\u0131 ihracat vasf\u0131yla ba\u015fta Ortado\u011fu ve Balkan \u00fclkeleri olmak \u00fczere 1990\u2019l\u0131 y\u0131llardan itibaren bu a\u011f\u0131 Rusya ve Avrupa \u00fclkelerine kadar geni\u015fleterek 2000\u2019li y\u0131llar\u0131n ba\u015flar\u0131nda deneyimli i\u015f kadrosuyla birlikte \u00fclkemizin d\u00f6rt bir yan\u0131ndan y\u0131l\u0131n 12 ay\u0131 ihracat faaliyetlerini s\u00fcrd\u00fcren bir firmad\u0131r.<\/p><\/div> <\/div> <div  class=\"row spaced-cols content-center-sm\" data-type=\"row\"> <div  class=\"col-sm-4\"> <div  class=\"card bordered y-move\" data-type=\"column\"> <i  class=\"fa icon fa-codepen big round reverse color1\"><\/i> <h4  class=\"\">Organik<\/h4> <p  class=\"\">Tarladan&nbsp;<\/p> <\/div> <\/div> <div  class=\"col-sm-4\"> <div  class=\"card bordered y-move\" data-type=\"column\"> <i  class=\"fa icon fa-sitemap reverse round big color1\"><\/i> <h4  class=\"\">Meypal \u00dcr\u00fcn Hatlar\u0131<\/h4>  <\/div> <\/div> <div  class=\"col-sm-4\"> <div  class=\"card bordered y-move\" data-type=\"column\"> <i  class=\"fa icon fa-thumbs-up reverse round big color1\"><\/i> <h4  class=\"\">Kalite<\/h4> <p  class=\"\"><\/p> <\/div> <\/div><\/div> <\/div><\/div>","protected":false},"excerpt":{"rendered":"<p>Do\u011fadan Sizlere Tarladan Raflar\u0131n\u0131za kadar gelen t\u00fcm meyve ve sebzeler Meypal Kalitesiyle\u2026 Tazelik Kalite ve zaman\u0131nda teslim \u00dcr\u00fcnlerimiz Ba\u015fl\u0131ca;&nbsp;\u2022Biber \u00c7e\u015fitleri, Sebze \u00c7e\u015fitleri, Nar, Ayva, Limon, Marul \u00c7e\u015fitleri, Portakal, Mandalina, Greyfurt, \u00dcz\u00fcm, Armut, Ye\u015fillik \u00c7e\u015fitleri, So\u011fan. Narenciye\u2026 Meypal narenciye\u2026 Ba\u015fl\u0131ca \u00dcr\u00fcnlerimiz; Biber \u00c7e\u015fitleri, Sebze \u00c7e\u015fitleri, Nar, Ayva, Limon, Marul \u00c7e\u015fitleri, Portakal, Mandalina, Greyfurt, \u00dcz\u00fcm, Armut, Ye\u015fillik&hellip; <br \/> <a class=\"read-more\" href=\"https:\/\/meypal.com.tr\/tr\/\">Devam\u0131<\/a><\/p>\n","protected":false},"author":1,"featured_media":0,"parent":0,"menu_order":0,"comment_status":"closed","ping_status":"closed","template":"page-templates\/homepage.php","meta":[],"_links":{"self":[{"href":"https:\/\/meypal.com.tr\/tr\/wp-json\/wp\/v2\/pages\/83"}],"collection":[{"href":"https:\/\/meypal.com.tr\/tr\/wp-json\/wp\/v2\/pages"}],"about":[{"href":"https:\/\/meypal.com.tr\/tr\/wp-json\/wp\/v2\/types\/page"}],"author":[{"embeddable":true,"href":"https:\/\/meypal.com.tr\/tr\/wp-json\/wp\/v2\/users\/1"}],"replies":[{"embeddable":true,"href":"https:\/\/meypal.com.tr\/tr\/wp-json\/wp\/v2\/comments?post=83"}],"version-history":[{"count":50,"href":"https:\/\/meypal.com.tr\/tr\/wp-json\/wp\/v2\/pages\/83\/revisions"}],"predecessor-version":[{"id":1032,"href":"https:\/\/meypal.com.tr\/tr\/wp-json\/wp\/v2\/pages\/83\/revisions\/1032"}],"wp:attachment":[{"href":"https:\/\/meypal.com.tr\/tr\/wp-json\/wp\/v2\/media?parent=83"}],"curies":[{"name":"wp","href":"https:\/\/api.w.org\/{rel}","templated":true}]}}