{"id":86,"date":"2018-02-26T08:49:23","date_gmt":"2018-02-26T08:49:23","guid":{"rendered":"http:\/\/10.44.205.152\/free-1\/?page_id=2"},"modified":"2019-01-29T00:42:42","modified_gmt":"2019-01-28T21:42:42","slug":"sample-page","status":"publish","type":"page","link":"https:\/\/meypal.com.tr\/tr\/sample-page\/","title":{"rendered":"Biz ?"},"content":{"rendered":"<p>1945 y\u0131l\u0131nda ya\u015f sebze meyve \u00fcretimine ba\u015flayan firmam\u0131z yakla\u015f\u0131k 70 y\u0131l\u0131k tecr\u00fcbesiyle \u00fcretimini ve \u00fcr\u00fcn kalitesini artt\u0131rarak faaliyetlerini 3 ku\u015fakt\u0131r aile \u015firketi olarak s\u00fcrd\u00fcrmektedir.<br \/>\n1980\u2019li y\u0131llarda i\u00e7 piyasada g\u00f6stermi\u015f oldu\u011fu ba\u015far\u0131s\u0131n\u0131 ihracat vasf\u0131yla ba\u015fta Ortado\u011fu ve Balkan \u00fclkeleri olmak \u00fczere 1990\u2019l\u0131 y\u0131llardan itibaren bu a\u011f\u0131 Rusya ve Avrupa \u00fclkelerine kadar geni\u015fleterek 2000\u2019li y\u0131llar\u0131n ba\u015flar\u0131nda deneyimli i\u015f kadrosuyla birlikte \u00fclkemizin d\u00f6rt bir yan\u0131ndan y\u0131l\u0131n 12 ay\u0131 ihracat faaliyetlerini s\u00fcrd\u00fcren bir firmad\u0131r.<br \/>\n2000\u2019li y\u0131llarda globalle\u015fen ekonominin etkisiyle birlikte firmam\u0131z y\u00f6n\u00fcn\u00fc ve yat\u0131r\u0131mlar\u0131n\u0131 ba\u015fta \u0130ngiltere olmak \u00fczere Avrupa\u2019ya \u00e7evirmi\u015ftir. 2012 y\u0131l\u0131nda Londra (Stand 63, New Spitalfields Market, 1 Sherrin Road, Leyton, London, E10 5SH)\u2019da ve T\u00fcrkiye\u2019de bulunan Meypal Tar\u0131m unvan\u0131yla g\u00fcn\u00fcm\u00fczde de ihracat s\u0131fat\u0131yla \u00e7al\u0131\u015fmalar\u0131n\u0131 s\u00fcrd\u00fcren ortak bir firma kurularak sekt\u00f6rde daha sa\u011flam ad\u0131mlarla kendini g\u00f6stermektedir.<br \/>\nT\u00fcrkiye Meypal olarak faaliyetlerimizi devaml\u0131 bir \u015fekilde Mersin, Antalya, Denizli, Manisa ve Bursa gibi belirli \u015fehirlerde bulunan anla\u015fmal\u0131 oldu\u011fumuz tesislerde kendi \u00fcr\u00fcnlerimizi Avrupa standartlar\u0131na uygun bir \u015fekilde paketleyerek, uzman lojistik firmalar\u0131m\u0131zla birlikte so\u011fuk zinciri koruyarak \u00fcr\u00fcnlerin dal\u0131ndan kopar\u0131lm\u0131\u015f gibi ilk g\u00fcnk\u00fc tazelikleriyle kara, hava, deniz yoluyla ta\u015f\u0131narak Avrupal\u0131 m\u00fc\u015fterilerimizin sofralar\u0131na ula\u015ft\u0131rmaktay\u0131z. \u0130ngiltere Meypal olarak ise T\u00fcrkiye\u2019den ba\u015flad\u0131\u011f\u0131m\u0131z ithalat ser\u00fcvenimizi daha sonralar\u0131 Avrupa, Amerika, Afrika ve Asya\u2019ya kadar geni\u015fleterek ithalat faaliyetlerini son h\u0131zla devam ettirip kendi b\u00fcnyesinde geli\u015fen da\u011f\u0131t\u0131m a\u011f\u0131yla Birle\u015fik Krall\u0131\u011f\u0131n her noktas\u0131na hizmet vermekteyiz.<br \/>\nKuruldu\u011fumuz tarihten itibaren firmam\u0131z sekt\u00f6rde s\u00fcreklili\u011fi sa\u011flay\u0131p, faaliyet alan\u0131 i\u00e7erisinde daha kaliteli hizmet vermeyi ama\u00e7 edinerek yoluna emin ad\u0131mlarla devam etmektedir. Firmam\u0131z geli\u015fip b\u00fcy\u00fcd\u00fck\u00e7e \u00fclkemize ekonomik alanda katk\u0131 sa\u011flayarak \u00f6ncelik olarak istihdam olu\u015fturmay\u0131 hedeflemektedir. \u0130hra\u00e7 etti\u011fimiz her \u00fcr\u00fcn\u00fcn \u00fclkemizi temsil etti\u011fini d\u00fc\u015f\u00fcnerek \u00fcr\u00fcnlerimizin y\u00fcksek kalite ve standartlarda olmas\u0131na \u00f6zen g\u00f6stermekteyiz. Bu bilin\u00e7le alan\u0131nda deneyimli i\u015f\u00e7i kadromuzla birlikte firmam\u0131z, teknolojik ve sekt\u00f6rdeki geli\u015fmeleri takip ederek s\u00fcrekli kendini yenilemekte ve daha bilin\u00e7li hareket etmektedir. Hedeflerimizi y\u00fcksek tutarak daima \u00e7al\u0131\u015fmaya, \u00fcretmeye ve ta\u015f\u0131maya devam etmekteyiz.<\/p>\n","protected":false},"excerpt":{"rendered":"<p>1945 y\u0131l\u0131nda ya\u015f sebze meyve \u00fcretimine ba\u015flayan firmam\u0131z yakla\u015f\u0131k 70 y\u0131l\u0131k tecr\u00fcbesiyle \u00fcretimini ve \u00fcr\u00fcn kalitesini artt\u0131rarak faaliyetlerini 3 ku\u015fakt\u0131r aile \u015firketi olarak s\u00fcrd\u00fcrmektedir. 1980\u2019li y\u0131llarda i\u00e7 piyasada g\u00f6stermi\u015f oldu\u011fu ba\u015far\u0131s\u0131n\u0131 ihracat vasf\u0131yla ba\u015fta Ortado\u011fu ve Balkan \u00fclkeleri olmak \u00fczere 1990\u2019l\u0131 y\u0131llardan itibaren bu a\u011f\u0131 Rusya ve Avrupa \u00fclkelerine kadar geni\u015fleterek 2000\u2019li y\u0131llar\u0131n ba\u015flar\u0131nda deneyimli&hellip; <br \/> <a class=\"read-more\" href=\"https:\/\/meypal.com.tr\/tr\/sample-page\/\">Devam\u0131<\/a><\/p>\n","protected":false},"author":1,"featured_media":0,"parent":0,"menu_order":0,"comment_status":"closed","ping_status":"closed","template":"page-templates\/homepage.php","meta":[],"_links":{"self":[{"href":"https:\/\/meypal.com.tr\/tr\/wp-json\/wp\/v2\/pages\/86"}],"collection":[{"href":"https:\/\/meypal.com.tr\/tr\/wp-json\/wp\/v2\/pages"}],"about":[{"href":"https:\/\/meypal.com.tr\/tr\/wp-json\/wp\/v2\/types\/page"}],"author":[{"embeddable":true,"href":"https:\/\/meypal.com.tr\/tr\/wp-json\/wp\/v2\/users\/1"}],"replies":[{"embeddable":true,"href":"https:\/\/meypal.com.tr\/tr\/wp-json\/wp\/v2\/comments?post=86"}],"version-history":[{"count":4,"href":"https:\/\/meypal.com.tr\/tr\/wp-json\/wp\/v2\/pages\/86\/revisions"}],"predecessor-version":[{"id":463,"href":"https:\/\/meypal.com.tr\/tr\/wp-json\/wp\/v2\/pages\/86\/revisions\/463"}],"wp:attachment":[{"href":"https:\/\/meypal.com.tr\/tr\/wp-json\/wp\/v2\/media?parent=86"}],"curies":[{"name":"wp","href":"https:\/\/api.w.org\/{rel}","templated":true}]}}